{"id":431,"date":"2022-02-21T22:29:19","date_gmt":"2022-02-21T21:29:19","guid":{"rendered":"http:\/\/idm314.es\/?page_id=431"},"modified":"2023-03-02T15:24:47","modified_gmt":"2023-03-02T14:24:47","slug":"acto-de-clausura","status":"publish","type":"page","link":"https:\/\/idm2023.fespm.es\/index.php\/acto-de-clausura\/","title":{"rendered":"Acto de Clausura"},"content":{"rendered":"\n<div class=\"wp-block-cover alignfull has-background-dim\" style=\"background-image:url(http:\/\/idm314.es\/wp-content\/uploads\/2019\/12\/stock-photo-composition-of-circuit-board-texture-human-profile-and-technological-elements-suitable-as-a-147775994.jpg);min-height:130px\"><div class=\"wp-block-cover__inner-container\">\n<p class=\"has-text-align-left has-large-font-size\"><strong>Acto de clausura<\/strong><\/p>\n<\/div><\/div>\n\n\n\n<div style=\"height:30px\" aria-hidden=\"true\" class=\"wp-block-spacer\"><\/div>\n\n\n\n<h3>ACTO DE CLAUSURA 14 de marzo de 2023<\/h3>\n\n\n\n<p><strong>Sal\u00f3n de actos de la Facultad de Matem\u00e1ticas de la Universidad Complutense. Madrid<\/strong><\/p>\n\n\n\n<p>El acto de clausura del IDM 2023 se celebrar\u00e1 de acuerdo con el programa y horario siguientes:<\/p>\n\n\n\n<ul><li>10:00 Inauguraci\u00f3n de la Jornada.<\/li><li>10:30 Conferencia a cargo de Manuel de Le\u00f3n (ICMAT-CSIC y RAC) con el t\u00edtulo \u201cHistorias de Pi\u201d<\/li><li>11:15 Presentaci\u00f3n del concurso \u201cFotogebra 2023\u201d. Karina Rizzo.<\/li><li>11:30 Descanso <\/li><li>11:45 Conferencia a cargo de Mar\u00eda Jes\u00fas Garc\u00eda Ligero con el t\u00edtulo \u201cAVATAR. Descubriendo la Estad\u00edstica en el Pa\u00eds de los Datos\u201d<\/li><li>12:30 Acto de entrega de premios de los concursos de comic, relatos, v\u00eddeos y material did\u00e1ctico. <\/li><li>13:00 Finalizaci\u00f3n del acto.<\/li><\/ul>\n\n\n\n<p>El acto se podr\u00e1 seguir de forma virtual en el Canal de Youtube de la Facultad de Matem\u00e1ticas de la Universidad Complutense de Madrid<strong><\/strong><\/p>\n\n\n\n<p class=\"has-text-align-center\"><a href=\"https:\/\/www.youtube.com\/@FacultadDeMatematicas-UCM\"><strong>https:\/\/www.youtube.com\/@FacultadDeMatematicas-UCM<\/strong><\/a><\/p>\n\n\n\n<p>y a trav\u00e9s del enlace<\/p>\n\n\n\n<p class=\"has-text-align-center\"><a href=\"https:\/\/us06web.zoom.us\/j\/82858876087\"><strong>https:\/\/us06web.zoom.us\/j\/82858876087<\/strong><\/a><\/p>\n\n\n\n<p>y en el Canal de Youtube de la Facultad de Matem\u00e1ticas de la Universidad Complutense<\/p>\n\n\n\n<p><strong>NOTA<\/strong>: Los centros interesados en asistir con su alumnado deber\u00e1n solicitarlo a admin@fespm.es indicando nombre, localidad, persona de contacto, n\u00famero de asistentes y cursos a los que pertenecen.<\/p>\n\n\n\n<div style=\"height:30px\" aria-hidden=\"true\" class=\"wp-block-spacer\"><\/div>\n\n\n<h2><span style=\"color: #008080;\">Convoca<\/span><\/h2>\n<p><a href=\"https:\/\/matematicas.uclm.es\/cemat\" target=\"_blank\" rel=\"noopener noreferrer\"><img loading=\"lazy\" class=\"alignnone wp-image-95 size-full\" src=\"http:\/\/idm314.es\/wp-content\/uploads\/2019\/12\/cemat_portada.png\" alt=\"\" width=\"500\" height=\"250\" srcset=\"https:\/\/idm2023.fespm.es\/wp-content\/uploads\/2019\/12\/cemat_portada.png 500w, https:\/\/idm2023.fespm.es\/wp-content\/uploads\/2019\/12\/cemat_portada-300x150.png 300w\" sizes=\"(max-width: 500px) 100vw, 500px\" \/><\/a><\/p>\n<h2><span style=\"color: #008080;\">Organizan<\/span><\/h2>\n<p><a href=\"https:\/\/fespm.es\" target=\"_blank\" rel=\"noopener noreferrer\"><img loading=\"lazy\" class=\"alignnone wp-image-93 size-full\" src=\"http:\/\/idm314.es\/wp-content\/uploads\/2019\/12\/images.png\" alt=\"\" width=\"313\" height=\"161\" srcset=\"https:\/\/idm2023.fespm.es\/wp-content\/uploads\/2019\/12\/images.png 313w, https:\/\/idm2023.fespm.es\/wp-content\/uploads\/2019\/12\/images-300x154.png 300w\" sizes=\"(max-width: 313px) 100vw, 313px\" \/><img loading=\"lazy\" class=\"alignnone size-full wp-image-477\" src=\"http:\/\/idm314.es\/wp-content\/uploads\/2022\/10\/seio-e1666598511878.png\" alt=\"SEIO\" width=\"225\" height=\"225\"><img loading=\"lazy\" class=\"alignnone  wp-image-508\" src=\"http:\/\/idm314.es\/wp-content\/uploads\/2022\/10\/logoIMI-nuevo.jpg\" alt=\"\" width=\"162\" height=\"195\" srcset=\"https:\/\/idm2023.fespm.es\/wp-content\/uploads\/2022\/10\/logoIMI-nuevo.jpg 2064w, https:\/\/idm2023.fespm.es\/wp-content\/uploads\/2022\/10\/logoIMI-nuevo-250x300.jpg 250w, https:\/\/idm2023.fespm.es\/wp-content\/uploads\/2022\/10\/logoIMI-nuevo-852x1024.jpg 852w, https:\/\/idm2023.fespm.es\/wp-content\/uploads\/2022\/10\/logoIMI-nuevo-768x923.jpg 768w, https:\/\/idm2023.fespm.es\/wp-content\/uploads\/2022\/10\/logoIMI-nuevo-1278x1536.jpg 1278w, https:\/\/idm2023.fespm.es\/wp-content\/uploads\/2022\/10\/logoIMI-nuevo-1704x2048.jpg 1704w\" sizes=\"(max-width: 162px) 100vw, 162px\" \/><\/a><\/p>\n<p><\/p>\n<h2><span style=\"color: #008080;\">Colaboran<\/span><\/h2>\n<p><img loading=\"lazy\" class=\"alignnone wp-image-347 size-full\" src=\"http:\/\/idm314.es\/wp-content\/uploads\/2021\/01\/logo-casio-division-educativa-ogp-e1677354869657.png\" alt=\"\" width=\"450\" height=\"194\" srcset=\"https:\/\/idm2023.fespm.es\/wp-content\/uploads\/2021\/01\/logo-casio-division-educativa-ogp-e1677354869657.png 450w, https:\/\/idm2023.fespm.es\/wp-content\/uploads\/2021\/01\/logo-casio-division-educativa-ogp-e1677354869657-300x129.png 300w\" sizes=\"(max-width: 450px) 100vw, 450px\" \/><img loading=\"lazy\" class=\"size-full wp-image-531 alignnone\" src=\"http:\/\/idm314.es\/wp-content\/uploads\/2023\/02\/fundacion-gadea-logo.png\" alt=\"\" width=\"324\" height=\"155\" srcset=\"https:\/\/idm2023.fespm.es\/wp-content\/uploads\/2023\/02\/fundacion-gadea-logo.png 324w, https:\/\/idm2023.fespm.es\/wp-content\/uploads\/2023\/02\/fundacion-gadea-logo-300x144.png 300w\" sizes=\"(max-width: 324px) 100vw, 324px\" \/><\/p>\n<p><\/p>","protected":false},"excerpt":{"rendered":"<p>ACTO DE CLAUSURA 14 de marzo de 2023 Sal\u00f3n de actos de la Facultad de Matem\u00e1ticas de la Universidad Complutense. Madrid El acto de clausura del IDM 2023 se celebrar\u00e1 de acuerdo con el programa y horario siguientes: 10:00 Inauguraci\u00f3n de la Jornada. 10:30 Conferencia a cargo de Manuel de Le\u00f3n (ICMAT-CSIC y RAC) con&hellip;&nbsp;<a href=\"https:\/\/idm2023.fespm.es\/index.php\/acto-de-clausura\/\" class=\"\" rel=\"bookmark\">Leer m\u00e1s &raquo;<span class=\"screen-reader-text\">Acto de Clausura<\/span><\/a><\/p>\n","protected":false},"author":2,"featured_media":0,"parent":0,"menu_order":0,"comment_status":"closed","ping_status":"closed","template":"","meta":{"neve_meta_sidebar":"full-width","neve_meta_container":"","neve_meta_enable_content_width":"on","neve_meta_content_width":100,"neve_meta_title_alignment":"","neve_meta_author_avatar":"","neve_post_elements_order":"","neve_meta_disable_header":"","neve_meta_disable_footer":"","neve_meta_disable_title":"on"},"_links":{"self":[{"href":"https:\/\/idm2023.fespm.es\/index.php\/wp-json\/wp\/v2\/pages\/431"}],"collection":[{"href":"https:\/\/idm2023.fespm.es\/index.php\/wp-json\/wp\/v2\/pages"}],"about":[{"href":"https:\/\/idm2023.fespm.es\/index.php\/wp-json\/wp\/v2\/types\/page"}],"author":[{"embeddable":true,"href":"https:\/\/idm2023.fespm.es\/index.php\/wp-json\/wp\/v2\/users\/2"}],"replies":[{"embeddable":true,"href":"https:\/\/idm2023.fespm.es\/index.php\/wp-json\/wp\/v2\/comments?post=431"}],"version-history":[{"count":11,"href":"https:\/\/idm2023.fespm.es\/index.php\/wp-json\/wp\/v2\/pages\/431\/revisions"}],"predecessor-version":[{"id":543,"href":"https:\/\/idm2023.fespm.es\/index.php\/wp-json\/wp\/v2\/pages\/431\/revisions\/543"}],"wp:attachment":[{"href":"https:\/\/idm2023.fespm.es\/index.php\/wp-json\/wp\/v2\/media?parent=431"}],"curies":[{"name":"wp","href":"https:\/\/api.w.org\/{rel}","templated":true}]}}